{"id":565,"date":"2024-01-10T15:15:14","date_gmt":"2024-01-10T15:15:14","guid":{"rendered":"https:\/\/www.bertelmontage.cz\/o-nas\/"},"modified":"2024-02-20T13:44:09","modified_gmt":"2024-02-20T13:44:09","slug":"o-nas","status":"publish","type":"page","link":"https:\/\/www.bertelmontage.cz\/cs\/o-nas\/","title":{"rendered":"O n\u00e1s"},"content":{"rendered":"<p>[et_pb_section fb_built=&#8220;1&#8243; _builder_version=&#8220;4.23.4&#8243; background_color=&#8220;RGBA(255,255,255,0)&#8220; background_enable_image=&#8220;off&#8220; custom_margin=&#8220;25px||||false|false&#8220; custom_margin_tablet=&#8220;0px||||false|false&#8220; custom_margin_phone=&#8220;0px||||false|false&#8220; custom_margin_last_edited=&#8220;on|desktop&#8220; global_colors_info=&#8220;{}&#8220;][et_pb_row column_structure=&#8220;2_5,3_5&#8243; make_equal=&#8220;on&#8220; _builder_version=&#8220;4.23.4&#8243; background_size=&#8220;initial&#8220; background_position=&#8220;top_left&#8220; background_repeat=&#8220;repeat&#8220; border_color_left=&#8220;#FFFFFF&#8220; global_colors_info=&#8220;{}&#8220;][et_pb_column type=&#8220;2_5&#8243; _builder_version=&#8220;4.16&#8243; custom_padding=&#8220;|||&#8220; global_colors_info=&#8220;{}&#8220; custom_padding__hover=&#8220;|||&#8220;][et_pb_image src=&#8220;http:\/\/cp782nap.at.edis.global\/wp-content\/uploads\/2024\/01\/Robert_Goettfried.png&#8220; title_text=&#8220;Robert_G\u00f6ttfried&#8220; _builder_version=&#8220;4.23.4&#8243; _module_preset=&#8220;default&#8220; hover_enabled=&#8220;0&#8243; global_colors_info=&#8220;{}&#8220; sticky_enabled=&#8220;0&#8243;][\/et_pb_image][\/et_pb_column][et_pb_column type=&#8220;3_5&#8243; _builder_version=&#8220;4.16&#8243; custom_padding=&#8220;|||&#8220; global_colors_info=&#8220;{}&#8220; custom_padding__hover=&#8220;|||&#8220;][et_pb_text _builder_version=&#8220;4.23.4&#8243; _module_preset=&#8220;default&#8220; text_font_size=&#8220;19px&#8220; header_font_size=&#8220;22px&#8220; global_colors_info=&#8220;{}&#8220;]<\/p>\n<h1><span>O n\u00e1s<\/span><\/h1>\n<p>[\/et_pb_text][et_pb_text _builder_version=&#8220;4.23.4&#8243; text_font_size=&#8220;19px&#8220; text_line_height=&#8220;1.4em&#8220; background_size=&#8220;initial&#8220; background_position=&#8220;top_left&#8220; background_repeat=&#8220;repeat&#8220; text_orientation=&#8220;justified&#8220; custom_margin=&#8220;||0px||false|false&#8220; custom_padding=&#8220;|10px||10px|false|false&#8220; border_width_left=&#8220;1px&#8220; border_color_left=&#8220;#FFFFFF&#8220; global_colors_info=&#8220;{}&#8220;]<\/p>\n<p>Kdy\u017e se zrodila my\u0161lenka nab\u00eddnout sv\u00e9 vlastn\u00ed schopnosti \u0159\u00edzen\u00ed slu\u017eeb, netrvalo dlouho, ne\u017e byla v roce 2014 v \u010cesk\u00e9 republice ofici\u00e1ln\u011b zalo\u017eena spole\u010dnost Bertel Montage s.r.o. tehdy 23let\u00fdm Robertem G\u00f6ttfriedem, kter\u00fd dodnes p\u016fsob\u00ed ve spole\u010dnosti jako jednatel a vlastn\u00edk.<\/p>\n<p>Jako vyu\u010den\u00fd mechanik se ve sv\u00fdch za\u010d\u00e1tc\u00edch zam\u011b\u0159il na mechanickou instalaci a mont\u00e1\u017e reg\u00e1l\u016f; s t\u00fdmem 6 zam\u011bstnanc\u016f byly realizov\u00e1ny prvn\u00ed men\u0161\u00ed zak\u00e1zky \u2013 v\u011bt\u0161\u00ed \u010d\u00e1st p\u016fvodn\u00edho t\u00fdmu ve firm\u011b st\u00e1le pracuje, na co\u017e jsme n\u00e1le\u017eit\u011b hrd\u00ed.<\/p>\n<p>V roce 2016 se k t\u00fdmu p\u0159ipojil Waidhofer Christoph, kter\u00fd m\u011bl za \u00fakol vytvo\u0159it elektroinstalaci jako dal\u0161\u00ed pil\u00ed\u0159 spole\u010dnosti Bertel Montage &#8211; od roku 2016 jsme se zam\u011b\u0159ili na elektroinstalaci a v obdob\u00ed 2016-2022 jsme realizovali p\u0159ibli\u017en\u011b 70 projekt\u016f, od ru\u010dn\u00ed smy\u010dky s dobou instalace 2 t\u00fddny a\u017e po velk\u00e9 projekty s dobou trv\u00e1n\u00ed p\u0159esahuj\u00edc\u00ed jeden rok, b\u011bhem t\u00e9to doby bylo ve spole\u010dnosti zavedeno tak\u00e9 poskytov\u00e1n\u00ed instala\u010dn\u00edho materi\u00e1lu, s vynikaj\u00edc\u00edmi odborn\u00fdmi znalostmi v oblasti logistiky je Stefan Schober od roku 2018 na\u0161\u00ed nepostradatelnou oporou ve v\u0161ech z\u00e1le\u017eitostech t\u00fdkaj\u00edc\u00edch se dopravy\/logistiky.<\/p>\n<p>V roce 2023 do podniku vstoupila dal\u0161\u00ed kl\u00ed\u010dov\u00e1 postava, Vladim\u00edr Petrovick\u00fd, kter\u00fd p\u0159isp\u011bl nejen ke zna\u010dn\u00e9mu n\u00e1r\u016fstu po\u010dtu zam\u011bstnanc\u016f spole\u010dnosti Bertel Montage, ale p\u0159inesl tak\u00e9 spoustu odborn\u00fdch znalost\u00ed v oblasti reg\u00e1lov\u00fdch staveb s jasn\u00fdm c\u00edlem upevnit prvn\u00ed pil\u00ed\u0159 firmy &#8211; instalaci reg\u00e1l\u016f &#8211; a vr\u00e1tit jej v pln\u00e9 s\u00edle zp\u011bt do portfolia.<\/p>\n<p>V pr\u016fb\u011bhu let se po\u010det pracovn\u00edk\u016f zv\u00fd\u0161il z p\u016fvodn\u00edch zm\u00edn\u011bn\u00fdch 6 na dne\u0161n\u00edch v\u00edce ne\u017e 60 st\u00e1l\u00fdch zam\u011bstnanc\u016f.<\/p>\n<p>Nep\u0159etr\u017eit\u011b se sna\u017e\u00edme r\u016fst s ohledem na neust\u00e1le se zvy\u0161uj\u00edc\u00ed n\u00e1roky na zachov\u00e1n\u00ed konkurenceschopnosti v tomto odv\u011btv\u00ed.<\/p>\n<p>[\/et_pb_text][\/et_pb_column][\/et_pb_row][\/et_pb_section]<\/p>\n","protected":false},"excerpt":{"rendered":"<p>O n\u00e1sKdy\u017e se zrodila my\u0161lenka nab\u00eddnout sv\u00e9 vlastn\u00ed schopnosti \u0159\u00edzen\u00ed slu\u017eeb, netrvalo dlouho, ne\u017e byla v roce 2014 v \u010cesk\u00e9 republice ofici\u00e1ln\u011b zalo\u017eena spole\u010dnost Bertel Montage s.r.o. tehdy 23let\u00fdm Robertem G\u00f6ttfriedem, kter\u00fd dodnes p\u016fsob\u00ed ve spole\u010dnosti jako jednatel a vlastn\u00edk. Jako vyu\u010den\u00fd mechanik se ve sv\u00fdch za\u010d\u00e1tc\u00edch zam\u011b\u0159il na mechanickou instalaci a mont\u00e1\u017e reg\u00e1l\u016f; s [&hellip;]<\/p>\n","protected":false},"author":1,"featured_media":0,"parent":0,"menu_order":0,"comment_status":"closed","ping_status":"closed","template":"","meta":{"_et_pb_use_builder":"on","_et_pb_old_content":"","_et_gb_content_width":"","footnotes":""},"class_list":["post-565","page","type-page","status-publish","hentry"],"aioseo_notices":[],"_links":{"self":[{"href":"https:\/\/www.bertelmontage.cz\/cs\/wp-json\/wp\/v2\/pages\/565","targetHints":{"allow":["GET"]}}],"collection":[{"href":"https:\/\/www.bertelmontage.cz\/cs\/wp-json\/wp\/v2\/pages"}],"about":[{"href":"https:\/\/www.bertelmontage.cz\/cs\/wp-json\/wp\/v2\/types\/page"}],"author":[{"embeddable":true,"href":"https:\/\/www.bertelmontage.cz\/cs\/wp-json\/wp\/v2\/users\/1"}],"replies":[{"embeddable":true,"href":"https:\/\/www.bertelmontage.cz\/cs\/wp-json\/wp\/v2\/comments?post=565"}],"version-history":[{"count":7,"href":"https:\/\/www.bertelmontage.cz\/cs\/wp-json\/wp\/v2\/pages\/565\/revisions"}],"predecessor-version":[{"id":643,"href":"https:\/\/www.bertelmontage.cz\/cs\/wp-json\/wp\/v2\/pages\/565\/revisions\/643"}],"wp:attachment":[{"href":"https:\/\/www.bertelmontage.cz\/cs\/wp-json\/wp\/v2\/media?parent=565"}],"curies":[{"name":"wp","href":"https:\/\/api.w.org\/{rel}","templated":true}]}}